{"id":856,"date":"2020-02-17T08:26:55","date_gmt":"2020-02-17T08:26:55","guid":{"rendered":"https:\/\/egurrola.eus\/?page_id=856"},"modified":"2020-02-17T08:56:11","modified_gmt":"2020-02-17T08:56:11","slug":"aviso-legal","status":"publish","type":"page","link":"https:\/\/egurrola.eus\/index.php\/aviso-legal\/","title":{"rendered":"Aviso Legal"},"content":{"rendered":"<div class=\"fusion-fullwidth fullwidth-box fusion-builder-row-1 nonhundred-percent-fullwidth non-hundred-percent-height-scrolling\" style=\"--awb-border-radius-top-left:0px;--awb-border-radius-top-right:0px;--awb-border-radius-bottom-right:0px;--awb-border-radius-bottom-left:0px;--awb-flex-wrap:wrap;\" ><div class=\"fusion-builder-row fusion-row\"><div class=\"fusion-layout-column fusion_builder_column fusion-builder-column-0 fusion_builder_column_1_1 1_1 fusion-one-full fusion-column-first fusion-column-last\" style=\"--awb-bg-size:cover;--awb-margin-bottom:0px;\"><div class=\"fusion-column-wrapper fusion-flex-column-wrapper-legacy\"><div class=\"fusion-text fusion-text-1\"><p>En cumplimiento de la Ley 34\/2002, de 11 de julio, de Servicios de la Sociedad de la Informaci\u00f3n y Comercio Electr\u00f3nico (LSSI CE), informamos a los usuarios de los datos de <strong><em>EGURROLA, <\/em><\/strong>propietaria de esta web:<\/p>\n<ul>\n<li>Denominaci\u00f3n Social: <strong><em>ATEGURROLA ERAIKUNTZA ETA ZERBITZUAK, S.L.U.<\/em><\/strong><\/li>\n<li>Domicilio Social: <strong>ITURRIONDO 5 4\u00baB, 48300 GERNIKA-LUMO (BIZKAIA)<\/strong><\/li>\n<li>NIF: <strong>B-95912861<\/strong><\/li>\n<li>Tel\u00e9fono: <strong>696 40 04 86<\/strong><\/li>\n<li>e-Mail: <strong>rober@egurrola.eus<\/strong><\/li>\n<li>Nombre de dominio: <strong>egurrola.eus<\/strong><\/li>\n<\/ul>\n<p><b data-fusion-font=\"true\" style=\"font-size: 17px; color: rgb(119, 102, 1);\">OBJETO<\/b><\/p>\n<p><strong><em>EGURROLA<\/em><\/strong> responsable del sitio web, pone a disposici\u00f3n de los usuarios el presente documento con el que pretende dar cumplimiento a las obligaciones dispuestas en la Ley 34\/2002, de Servicios de la Sociedad de la Informaci\u00f3n y del Comercio Electr\u00f3nico (LSSI-CE), as\u00ed como informar a todos los usuarios del sitio web respecto a cu\u00e1les son las condiciones de uso del sitio web.<\/p>\n<p>Toda persona que acceda a este sitio web asume el papel de usuario, comprometi\u00e9ndose a la observancia y cumplimiento riguroso de las disposiciones aqu\u00ed dispuestas, as\u00ed como a cualquier otra disposici\u00f3n legal que fuera de aplicaci\u00f3n.<\/p>\n<p><strong><em>EGURROLA<\/em><\/strong> se reserva el derecho a modificar cualquier tipo de informaci\u00f3n que pudiera aparecer en el sitio web, sin que exista obligaci\u00f3n de preavisar o poner en conocimiento de los usuarios dichas obligaciones, entendi\u00e9ndose como suficiente con la publicaci\u00f3n en el sitio web.<\/p>\n<p><b data-fusion-font=\"true\" style=\"font-size: 17px; color: rgb(119, 102, 1);\">CONDICIONES DE USO<\/b><\/p>\n<p>En esta web se detallan los servicios ofrecidos por <strong><em>EGURROLA<\/em><\/strong>. Su uso implica la aceptaci\u00f3n de las siguientes condiciones, declinando realizar cualquier reclamaci\u00f3n sobre las mismas:<\/p>\n<ol>\n<li>El servidor d\u00f3nde est\u00e1 alojada esta web utiliza cookies, que quedar\u00e1n almacenadas en el ordenador del visitante. Las cookies son peque\u00f1os archivos que contienen cierta informaci\u00f3n sobre la visita a la web, como el d\u00eda y la hora en la que comienza la visita, en la que se abandona, as\u00ed como informaci\u00f3n sobre las distintas secciones consultadas. Si el usuario lo desea, puede configurar su navegador para avisar sobre si va a recibir una cookie, o para evitar recibirlas, hecho que no impedir\u00e1 que se pueda acceder a la web. Tiene m\u00e1s informaci\u00f3n sobre las cookies en el apartado de Pol\u00edtica de Cookies.<\/li>\n<li><strong><em>EGURROLA<\/em><\/strong> podr\u00e1 modificar el contenido de la web, sus servicios, tarifas, garant\u00edas, etc., en cualquier momento y sin previo aviso.<\/li>\n<li><strong><em>EGURROLA<\/em><\/strong> puede poner a disposici\u00f3n del usuario enlaces u otros elementos que permiten el acceso hacia otros sitios web pertenecientes a terceros. No comercializamos los productos y servicios de dichas p\u00e1ginas enlazadas, ni asumimos ning\u00fan tipo de responsabilidad sobre las mismas, ni sobre la informaci\u00f3n contenida en ellas, ni su veracidad o licitud, ni de cualesquiera efectos que pudieran derivarse. En todo caso, <strong><em>EGURROLA<\/em><\/strong> manifiesta que proceder\u00e1 a la retirada inmediata de cualquier contenido que pudiera contravenir la legislaci\u00f3n nacional o internacional, la moral o el orden p\u00fablico, procediendo a la retirada inmediata de la redirecci\u00f3n a dicho sitio web, poniendo en conocimiento de las autoridades competentes el contenido en cuesti\u00f3n.<\/li>\n<li>Los precios indicados en la web, de haberlos, ser\u00e1n v\u00e1lidos salvo error tipogr\u00e1fico, y susceptibles de cambios sin previo aviso.<\/li>\n<li>No es necesario registrarse en la web, ni facilitar ning\u00fan tipo de dato personal, para navegar por la misma.<\/li>\n<li><strong><em>EGURROLA<\/em><\/strong> no puede garantizar el funcionamiento ininterrumpido o totalmente libre de errores de esta web. Por tanto, no nos hacemos responsables de ning\u00fan da\u00f1o causado por el uso de este sitio.<\/li>\n<li><strong><em>EGURROLA<\/em><\/strong> ofrece sus servicios y productos de manera indefinida, pudiendo, no obstante, suspender la prestaci\u00f3n de los mismos, unilateralmente y sin previo aviso.<\/li>\n<li><strong><em>EGURROLA<\/em><\/strong> no se har\u00e1 responsable de los da\u00f1os y perjuicios, propios o a terceros, producidos por un mal uso de esta web por parte del cliente.<\/li>\n<li>El usuario se compromete a no utilizar esta web ni los servicios ofrecidos en ella para la realizaci\u00f3n de actividades contrarias a la ley, al orden p\u00fablico o a estas condiciones.<\/li>\n<li><strong><em>EGURROLA<\/em><\/strong> no se responsabiliza de los virus que tengan su origen en una transmisi\u00f3n telem\u00e1tica infiltrados por terceros generados con la finalidad de obtener resultados negativos para un sistema inform\u00e1tico.<\/li>\n<li><strong><em>EGURROLA<\/em><\/strong> no se hace responsable de la informaci\u00f3n y contenidos almacenados, a t\u00edtulo enunciativo pero no limitativo, en foros, chats, generadores de blogs, comentarios, redes sociales o cualquier otro medio que permita a terceros publicar contenidos de forma independiente en la p\u00e1gina web del prestador. No obstante, y en cumplimiento de lo dispuesto en el art. 11 y 16 de la LSSI-CE, <strong><em>EGURROLA<\/em><\/strong> se pone a disposici\u00f3n de todos los usuarios, autoridades y fuerzas de seguridad, y colaborando de forma activa en la retirada o en su caso bloqueo de todos aquellos contenidos que pudieran afectar o contravenir la legislaci\u00f3n nacional, o internacional, derechos de terceros o la moral y el orden p\u00fablico. En caso de que el usuario considere que existe en el sitio web alg\u00fan contenido que pudiera ser susceptible de esta clasificaci\u00f3n, se ruega lo notifique de forma inmediata al administrador del sitio web.<\/li>\n<li>Este sitio web ha sido revisado y probado para que funcione correctamente. En principio, puede garantizarse el correcto funcionamiento los 365 d\u00edas del a\u00f1o, 24 horas al d\u00eda. No obstante, <strong><em>EGURROLA<\/em><\/strong> no descarta la posibilidad de que existan ciertos errores de programaci\u00f3n, o que acontezcan causas de fuerza mayor, cat\u00e1strofes naturales, huelgas, o circunstancias semejantes que hagan imposible el acceso a la p\u00e1gina web.<\/li>\n<\/ol>\n<p>En definitiva, el usuario es el \u00fanico responsable del uso que realice de los servicios, contenidos y enlaces incluidos esta web.<\/p>\n<p><b data-fusion-font=\"true\" style=\"font-size: 17px; color: rgb(119, 102, 1);\">PROPIEDAD INTELECTUAL, NORMATIVA Y FORO<\/b><\/p>\n<p>El sitio web, incluyendo a t\u00edtulo enunciativo, pero no limitativo su programaci\u00f3n, edici\u00f3n, compilaci\u00f3n y dem\u00e1s elementos necesarios para su funcionamiento, los dise\u00f1os, logotipos, texto y\/o gr\u00e1ficos son propiedad de <strong><em>EGURROLA<\/em><\/strong> o en su caso dispone de licencia o autorizaci\u00f3n expresa por parte de los autores.<\/p>\n<p>Todos los contenidos del sitio web se encuentran debidamente protegidos por la normativa de propiedad intelectual e industrial, as\u00ed como inscritos en los registros p\u00fablicos correspondientes, y no se permite la reproducci\u00f3n y\/o publicaci\u00f3n, total o parcial, del sitio web, ni su tratamiento inform\u00e1tico, su distribuci\u00f3n, difusi\u00f3n, modificaci\u00f3n o transformaci\u00f3n, sin el permiso previo y por escrito del mismo.<\/p>\n<p>Los dise\u00f1os, logotipos, texto y\/o gr\u00e1ficos ajenos a <strong><em>EGURROLA<\/em><\/strong> y que pudieran aparecer en el sitio web, pertenecen a sus respectivos propietarios, siendo ellos mismos responsables de cualquier posible controversia que pudiera suscitarse respecto a los mismos. En todo caso, <strong><em>EGURROLA<\/em><\/strong> cuenta con la autorizaci\u00f3n expresa y previa por parte de los mismos. <strong><em>EGURROLA<\/em><\/strong> reconoce a favor de sus titulares los correspondientes derechos de propiedad industrial e intelectual, no implicando su sola menci\u00f3n o aparici\u00f3n en el sitio web la existencia de derechos o responsabilidad alguna del prestador sobre los mismos, como tampoco respaldo, patrocinio o recomendaci\u00f3n por parte del mismo.<\/p>\n<p>El usuario puede utilizar el material que aparezca en este sitio web para su uso personal y privado, quedando prohibido su uso con fines comerciales. <strong><em>EGURROLA<\/em><\/strong> velar\u00e1 por el cumplimiento de las anteriores condiciones, como por la debida utilizaci\u00f3n de los contenidos presentados en sus p\u00e1ginas web, ejercitando todas las acciones civiles y penales que le correspondan en el caso de infracci\u00f3n o incumplimiento de estos derechos por parte del usuario.<\/p>\n<p><b data-fusion-font=\"true\" style=\"font-size: 17px; color: rgb(119, 102, 1);\">LEY APLICABLE Y JURISDICCI\u00d3N<\/b><\/p>\n<p>Para la resoluci\u00f3n de todas las controversias o cuestiones relacionadas con el presente sitio web o de las actividades en \u00e9l desarrolladas, ser\u00e1 de aplicaci\u00f3n la legislaci\u00f3n espa\u00f1ola, a la que se someten expresamente las partes, siendo competentes para la resoluci\u00f3n de todos los conflictos derivados o relacionados con su uso los Juzgados y Tribunales del Pa\u00eds Vasco.<span style=\"color: var(--body_typography-color); font-family: var(--body_typography-font-family); font-size: var(--body_typography-font-size); font-style: var(--body_typography-font-style,normal); font-weight: var(--body_typography-font-weight); letter-spacing: var(--body_typography-letter-spacing);\"> <\/span><\/p>\n<\/div><div class=\"fusion-clearfix\"><\/div><\/div><\/div><\/div><\/div>\n","protected":false},"excerpt":{"rendered":"","protected":false},"author":1,"featured_media":0,"parent":0,"menu_order":0,"comment_status":"closed","ping_status":"closed","template":"","meta":{"footnotes":""},"_links":{"self":[{"href":"https:\/\/egurrola.eus\/index.php\/wp-json\/wp\/v2\/pages\/856"}],"collection":[{"href":"https:\/\/egurrola.eus\/index.php\/wp-json\/wp\/v2\/pages"}],"about":[{"href":"https:\/\/egurrola.eus\/index.php\/wp-json\/wp\/v2\/types\/page"}],"author":[{"embeddable":true,"href":"https:\/\/egurrola.eus\/index.php\/wp-json\/wp\/v2\/users\/1"}],"replies":[{"embeddable":true,"href":"https:\/\/egurrola.eus\/index.php\/wp-json\/wp\/v2\/comments?post=856"}],"version-history":[{"count":4,"href":"https:\/\/egurrola.eus\/index.php\/wp-json\/wp\/v2\/pages\/856\/revisions"}],"predecessor-version":[{"id":863,"href":"https:\/\/egurrola.eus\/index.php\/wp-json\/wp\/v2\/pages\/856\/revisions\/863"}],"wp:attachment":[{"href":"https:\/\/egurrola.eus\/index.php\/wp-json\/wp\/v2\/media?parent=856"}],"curies":[{"name":"wp","href":"https:\/\/api.w.org\/{rel}","templated":true}]}}