{"id":2,"date":"2019-07-23T08:51:07","date_gmt":"2019-07-23T08:51:07","guid":{"rendered":"https:\/\/egurrola.eus\/?page_id=2"},"modified":"2021-05-07T10:47:40","modified_gmt":"2021-05-07T10:47:40","slug":"quienes-somos","status":"publish","type":"page","link":"https:\/\/egurrola.eus\/index.php\/quienes-somos\/","title":{"rendered":"QUIENES SOMOS"},"content":{"rendered":"<div class=\"fusion-fullwidth fullwidth-box fusion-builder-row-1 nonhundred-percent-fullwidth non-hundred-percent-height-scrolling\" style=\"--awb-border-radius-top-left:0px;--awb-border-radius-top-right:0px;--awb-border-radius-bottom-right:0px;--awb-border-radius-bottom-left:0px;--awb-flex-wrap:wrap;\" ><div class=\"fusion-builder-row fusion-row\"><div class=\"fusion-layout-column fusion_builder_column fusion-builder-column-0 fusion_builder_column_1_1 1_1 fusion-one-full fusion-column-first fusion-column-last\" style=\"--awb-bg-size:cover;--awb-margin-bottom:0px;\"><div class=\"fusion-column-wrapper fusion-flex-column-wrapper-legacy\"><div class=\"fusion-text fusion-text-1\"><\/p>\n<p><span style=\"color: #776601;\"><b>EGURROLA ERAIKUNTZAK<\/b><\/span> es una empresa de nueva creaci\u00f3n dedicada a la construcci\u00f3n de todo tipo de obras.<span style=\"color: var(--body_typography-color); font-family: var(--body_typography-font-family); font-size: var(--body_typography-font-size); font-style: var(--body_typography-font-style,normal); letter-spacing: var(--body_typography-letter-spacing);\"><span style=\"font-weight: var(--body_typography-font-weight);\"><br \/><\/span><\/span><\/p>\n<p><span style=\"color: var(--body_typography-color); font-family: var(--body_typography-font-family); font-size: var(--body_typography-font-size); font-style: var(--body_typography-font-style,normal); letter-spacing: var(--body_typography-letter-spacing);\"><span style=\"font-weight: var(--body_typography-font-weight);\">En <\/span><span style=\"color: #776601;\"><b style=\"color: #776601;\">EGURROLA<\/b><\/span><span style=\"font-weight: var(--body_typography-font-weight);\">, hacemos reformas parciales e integrales de viviendas, caser\u00edos, unifamiliares, locales\u2026<\/span><\/span><\/p>\n<p>Obras de nueva construcci\u00f3n, desde edificios de viviendas hasta viviendas unifamiliares, as\u00ed como obras civiles. Nuestro cliente en todo momento tiene a su disposici\u00f3n un asesoramiento t\u00e9cnico a medida. Desde la construcci\u00f3n de los cimientos hasta el dise\u00f1o y decoraci\u00f3n de su vivienda. Todo esto coordinando los mejores gremios.<\/p>\n<p><span style=\"color: #776601;\"><b style=\"color: #776601;\">EGURROLA<\/b><\/span> <span style=\"color: #776601;\"><b>ERAIKUNTZAK<\/b><\/span> se cre\u00f3 en 2018 como nueva constructora. No obstante, su gerente, lleva toda una vida dedic\u00e1ndose a la construcci\u00f3n, estando avalado por m\u00e1s de 20 a\u00f1os trabajando en el sector, dirigiendo proyectos de gran envergadura.<\/p>\n<p>El equipo de <span style=\"color: #776601;\"><b>EGURROLA<\/b><\/span>, est\u00e1 compuesto por distinto personal t\u00e9cnico con una amplia experiencia en el sector de la construcci\u00f3n, que hacen que las ideas y las ilusiones se conviertan en realidad.<\/p>\n<p>La empresa cuenta con colaboradores especialistas de todo tipo, que coordina para que la obra cumpla con los plazos y presupuesto establecidos por el cliente, incluyendo unos acabados profesionales.<\/p><\/p>\n<\/div><div class=\"fusion-clearfix\"><\/div><\/div><\/div><\/div><\/div>","protected":false},"excerpt":{"rendered":"","protected":false},"author":1,"featured_media":850,"parent":0,"menu_order":0,"comment_status":"closed","ping_status":"closed","template":"","meta":{"footnotes":""},"_links":{"self":[{"href":"https:\/\/egurrola.eus\/index.php\/wp-json\/wp\/v2\/pages\/2"}],"collection":[{"href":"https:\/\/egurrola.eus\/index.php\/wp-json\/wp\/v2\/pages"}],"about":[{"href":"https:\/\/egurrola.eus\/index.php\/wp-json\/wp\/v2\/types\/page"}],"author":[{"embeddable":true,"href":"https:\/\/egurrola.eus\/index.php\/wp-json\/wp\/v2\/users\/1"}],"replies":[{"embeddable":true,"href":"https:\/\/egurrola.eus\/index.php\/wp-json\/wp\/v2\/comments?post=2"}],"version-history":[{"count":11,"href":"https:\/\/egurrola.eus\/index.php\/wp-json\/wp\/v2\/pages\/2\/revisions"}],"predecessor-version":[{"id":1040,"href":"https:\/\/egurrola.eus\/index.php\/wp-json\/wp\/v2\/pages\/2\/revisions\/1040"}],"wp:featuredmedia":[{"embeddable":true,"href":"https:\/\/egurrola.eus\/index.php\/wp-json\/wp\/v2\/media\/850"}],"wp:attachment":[{"href":"https:\/\/egurrola.eus\/index.php\/wp-json\/wp\/v2\/media?parent=2"}],"curies":[{"name":"wp","href":"https:\/\/api.w.org\/{rel}","templated":true}]}}